{"id":23271,"date":"2025-04-22T23:01:29","date_gmt":"2025-04-22T20:01:29","guid":{"rendered":"https:\/\/aliovayolu.com\/cookie-richtlinie\/"},"modified":"2025-07-21T23:31:33","modified_gmt":"2025-07-21T20:31:33","slug":"cookie-richtlinie","status":"publish","type":"page","link":"https:\/\/aliovayolu.com\/de\/cookie-richtlinie\/","title":{"rendered":"Cookie-Richtlinie"},"content":{"rendered":"\t\t<div data-elementor-type=\"wp-page\" data-elementor-id=\"23271\" class=\"elementor elementor-23271 elementor-20195\">\n\t\t\t\t<div class=\"elementor-element elementor-element-2a09da2b e-flex e-con-boxed e-con e-parent\" data-id=\"2a09da2b\" data-element_type=\"container\" data-e-type=\"container\">\n\t\t\t\t\t<div class=\"e-con-inner\">\n\t\t\t\t<div class=\"elementor-element elementor-element-55627e17 elementor-widget elementor-widget-text-editor\" data-id=\"55627e17\" data-element_type=\"widget\" data-e-type=\"widget\" data-widget_type=\"text-editor.default\">\n\t\t\t\t<div class=\"elementor-widget-container\">\n\t\t\t\t\t\t\t\t\t<h2>Was ist ein Cookie?<\/h2><ul><li>Cookies sind kleine Textdateien, die von den Websites, die Sie besuchen, auf Ihrem Computer oder auf mobilen Ger\u00e4ten wie Smartphones oder Tablets gespeichert werden, um standardm\u00e4\u00dfige Internetprotokolle (Logs) und Informationen \u00fcber das Besucherverhalten zu sammeln.<br>Cookies enthalten in der Regel den Namen der Website, von der sie stammen, die Dauer ihrer Speicherung auf Ihrem Ger\u00e4t und einen zuf\u00e4llig vergebenen Zahlenwert.<br>Weitere Informationen finden Sie unter www.aboutcookies.org oder www.allaboutcookies.org.  <\/li><\/ul><h2>Wozu werden Cookies verwendet?<\/h2><ul><li>Cookies werden verwendet, um statistische Informationen \u00fcber die Nutzung der Website durch Besucher sowie \u00fcber die Aktivit\u00e4ten auf der Website zu sammeln.<br>Websites k\u00f6nnen diese Cookie-Dateien lesen und schreiben und so wichtige Informationen \u00fcber Sie speichern \u2013 etwa Ihre bevorzugten Einstellungen \u2013, um Ihnen eine benutzerfreundlichere und besser angepasste Website-Erfahrung zu bieten. <\/li><\/ul><h2>Welche Arten von Cookies gibt es?<\/h2><ul><li><strong>Cookie-Arten nach Verwendungsdauer: <\/strong>Sie werden in zwei Kategorien unterteilt: Sitzungscookies und dauerhafte Cookies.Ein Sitzungscookie endet, sobald Sie Ihren Browser schlie\u00dfen.Ein dauerhafter Cookie hingegen bleibt \u00fcber einen l\u00e4ngeren Zeitraum oder dauerhaft auf Ihrer Festplatte gespeichert.  <\/li><li><strong>Cookie-Arten nach Herkunft:<\/strong> Sie werden in First-Party-Cookies und Third-Party-Cookies unterteilt.First-Party-Cookies sind Cookies, die von der besuchten Website selbst verwendet werden, w\u00e4hrend Third-Party-Cookies von einem anderen Unternehmen stammen, mit dem beispielsweise zur Datenanalyse zusammengearbeitet wird.Um es den Drittanbietern zu erm\u00f6glichen, ihre Dienste bereitzustellen, k\u00f6nnen wir ihnen gestatten, bei Ihrem Besuch auf unserer Website in unserem Namen Cookies auf Ihrem Ger\u00e4t zu speichern.Um mehr \u00fcber diese Cookies zu erfahren und detaillierte Informationen dar\u00fcber zu erhalten, wie Sie sie kontrollieren k\u00f6nnen, lesen Sie bitte die Datenschutzrichtlinien dieser Drittanbieter.    <\/li><li><strong>Cookie-Arten nach Verwendungszweck:<\/strong> <br>Dazu z\u00e4hlen technische Cookies, Authentifizierungs-Cookies, Flash-Cookies, Personalisierungs-Cookies und Analyse-Cookies.<\/li><\/ul><h2>Verwendungsbereiche von Cookies<\/h2><ul><li><strong>Technische Cookies:<\/strong> <br>Mit technischen Cookies wird der Betrieb der Website sichergestellt und nicht funktionierende Seiten oder Bereiche werden erkannt.<\/li><li><strong>Authentifizierungs-Cookies:<\/strong> Wenn Besucher sich mit ihrem Passwort auf der Website anmelden, erkennen diese Cookies bei jedem Seitenaufruf, dass der Besucher ein angemeldeter Nutzer ist, und verhindern so, dass das Passwort auf jeder Seite erneut eingegeben werden muss.<\/li><li><strong>Flash-Cookies:<\/strong> Dies ist eine Art von Cookie, die verwendet wird, um Audio- oder Videoinhalte auf der Website zu aktivieren.<\/li><li><strong>Personalisierungs-Cookies:<\/strong>Dies sind Cookies, die verwendet werden, um sich die Pr\u00e4ferenzen der Nutzer auch beim Besuch verschiedener Seiten einer Website zu merken. Zum Beispiel das Speichern der von Ihnen gew\u00e4hlten Spracheinstellung. <\/li><li><strong>Analyse-Cookies:<\/strong>Analyse-Cookies sind Cookies, die die Erstellung analytischer und statistischer Berichte erm\u00f6glichen, z.\u202fB. \u00fcber die Anzahl der Besucher auf der Website, welche Seiten aufgerufen wurden, zu welchen Zeiten die Website besucht wurde oder wie Nutzer durch die Seiten scrollen.<\/li><\/ul><h2>Wie verwendet aliovayolu.com Cookies?<\/h2><ul><li><strong>aliovayolu.com<\/strong> verwendet Cookies nicht, um ohne Ihre ausdr\u00fcckliche Zustimmung personenbezogene Daten (z.\u202fB. Name, Adresse, E-Mail, Telefonnummer usw.) zu erfassen.Ihre ausdr\u00fcckliche Zustimmung wird im Rahmen von Prozessen wie einer Mitgliedschaft auf unserer Website oder dem Ausf\u00fcllen von Formularen f\u00fcr unsere Dienstleistungen eingeholt.Wir verwenden Cookies, um die Nutzung unserer Website zu erleichtern, den Website-Verkehr zu analysieren, die Leistung unserer Inhalte und Werbeanzeigen zu messen und die Sicherheit unserer Website zu verbessern.Cookies tragen auch dazu bei, Ihre Navigation auf <strong>aliovayolu.com<\/strong> zu beschleunigen.Dar\u00fcber hinaus nutzen wir Cookies, um statistische Daten dar\u00fcber zu sammeln, wie unsere Besucher die Website nutzen, um das Design und die Benutzerfreundlichkeit unserer Seite weiter zu verbessern.   <\/li><\/ul><h2>Kann ich Cookies l\u00f6schen?<\/h2><p>Internetbrowser sind standardm\u00e4\u00dfig so eingestellt, dass sie Cookies akzeptieren.Sie k\u00f6nnen Ihren Browser jedoch so konfigurieren, dass er keine Cookies akzeptiert, oder bereits vorhandene Cookies l\u00f6schen.Dies kann jedoch dazu f\u00fchren, dass bestimmte Funktionen unserer Website aus technischen Gr\u00fcnden m\u00f6glicherweise nicht ordnungsgem\u00e4\u00df funktionieren.Sie k\u00f6nnen unsere Website jedoch auch ohne Cookies jederzeit aufrufen.Um zu erfahren, wie Sie diese Einstellungen \u00e4ndern k\u00f6nnen, verwenden Sie bitte die Hilfefunktion Ihres Browsers.Unten finden Sie Informationen dazu, wie Sie auf diese Einstellungen zugreifen k\u00f6nnen.     <\/p><ul><li>Adobe Analytics http:\/\/www.adobe.com\/tr\/privacy\/opt-out.html<\/li><li>AOL https:\/\/help.aol.com\/articles\/restore-security-settings-and-enable-cookie-settings-on-browser<\/li><li>Google Adwords https:\/\/support.google.com\/ads\/answer\/2662922?hl=en<\/li><li>Google Analytics https:\/\/tools.google.com\/dlpage\/gaoptout<\/li><li>Google Chrome http:\/\/www.google.com\/support\/chrome\/bin\/answer.py?hl=en&amp;answer=95647<\/li><li>Internet Explorer https:\/\/support.microsoft.com\/en-us\/help\/17442\/windows-internet-explorer-delete-manage-cookies<\/li><li>Mozilla Firefox http:\/\/support.mozilla.com\/en-US\/kb\/Cookies<\/li><li>Opera http:\/\/www.opera.com\/browser\/tutorials\/security\/privacy\/<\/li><li>Safari https:\/\/support.apple.com\/kb\/ph19214?locale=tr_TR<\/li><\/ul><p>Detaillierte Informationen dar\u00fcber, wie Sie Cookies l\u00f6schen k\u00f6nnen, finden Sie unter www.aboutcookies.org oder www.allaboutcookies.org.<\/p>\t\t\t\t\t\t\t\t<\/div>\n\t\t\t\t<\/div>\n\t\t\t\t\t<\/div>\n\t\t\t\t<\/div>\n\t\t\t\t<\/div>\n\t\t","protected":false},"excerpt":{"rendered":"<p>Was ist ein Cookie? Cookies sind kleine Textdateien, die von den Websites, die Sie besuchen, auf Ihrem Computer oder auf mobilen Ger\u00e4ten wie Smartphones oder Tablets gespeichert werden, um standardm\u00e4\u00dfige Internetprotokolle (Logs) und Informationen \u00fcber das Besucherverhalten zu sammeln.Cookies enthalten in der Regel den Namen der Website, von der sie stammen, die Dauer ihrer Speicherung [&hellip;]<\/p>\n","protected":false},"author":1,"featured_media":0,"parent":0,"menu_order":0,"comment_status":"closed","ping_status":"closed","template":"","meta":{"_acf_changed":false,"footnotes":""},"class_list":["post-23271","page","type-page","status-publish","hentry"],"acf":[],"yoast_head":"<!-- This site is optimized with the Yoast SEO plugin v27.2 - https:\/\/yoast.com\/product\/yoast-seo-wordpress\/ -->\n<title>Cookie-Richtlinie - Do\u00e7. Dr. Ali OVAYOLU<\/title>\n<meta name=\"robots\" content=\"index, follow, max-snippet:-1, max-image-preview:large, max-video-preview:-1\" \/>\n<link rel=\"canonical\" href=\"https:\/\/aliovayolu.com\/cerez-politikasi\/\" \/>\n<meta property=\"og:locale\" content=\"de_DE\" \/>\n<meta property=\"og:type\" content=\"article\" \/>\n<meta property=\"og:title\" content=\"Cookie-Richtlinie - Do\u00e7. Dr. Ali OVAYOLU\" \/>\n<meta property=\"og:description\" content=\"Was ist ein Cookie? Cookies sind kleine Textdateien, die von den Websites, die Sie besuchen, auf Ihrem Computer oder auf mobilen Ger\u00e4ten wie Smartphones oder Tablets gespeichert werden, um standardm\u00e4\u00dfige Internetprotokolle (Logs) und Informationen \u00fcber das Besucherverhalten zu sammeln.Cookies enthalten in der Regel den Namen der Website, von der sie stammen, die Dauer ihrer Speicherung [&hellip;]\" \/>\n<meta property=\"og:url\" content=\"https:\/\/aliovayolu.com\/cerez-politikasi\/\" \/>\n<meta property=\"og:site_name\" content=\"Do\u00e7. Dr. Ali OVAYOLU\" \/>\n<meta property=\"article:modified_time\" content=\"2025-07-21T20:31:33+00:00\" \/>\n<meta name=\"twitter:card\" content=\"summary_large_image\" \/>\n<meta name=\"twitter:label1\" content=\"Gesch\u00e4tzte Lesezeit\" \/>\n\t<meta name=\"twitter:data1\" content=\"4\u00a0Minuten\" \/>\n<script type=\"application\/ld+json\" class=\"yoast-schema-graph\">{\"@context\":\"https:\/\/schema.org\",\"@graph\":[{\"@type\":\"WebPage\",\"@id\":\"https:\/\/aliovayolu.com\/cerez-politikasi\/\",\"url\":\"https:\/\/aliovayolu.com\/cerez-politikasi\/\",\"name\":\"Cookie-Richtlinie - Do\u00e7. Dr. Ali OVAYOLU\",\"isPartOf\":{\"@id\":\"https:\/\/aliovayolu.com\/fr\/#website\"},\"datePublished\":\"2025-04-22T20:01:29+00:00\",\"dateModified\":\"2025-07-21T20:31:33+00:00\",\"breadcrumb\":{\"@id\":\"https:\/\/aliovayolu.com\/cerez-politikasi\/#breadcrumb\"},\"inLanguage\":\"de\",\"potentialAction\":[{\"@type\":\"ReadAction\",\"target\":[\"https:\/\/aliovayolu.com\/cerez-politikasi\/\"]}]},{\"@type\":\"BreadcrumbList\",\"@id\":\"https:\/\/aliovayolu.com\/cerez-politikasi\/#breadcrumb\",\"itemListElement\":[{\"@type\":\"ListItem\",\"position\":1,\"name\":\"Home\",\"item\":\"https:\/\/aliovayolu.com\/de\/\"},{\"@type\":\"ListItem\",\"position\":2,\"name\":\"Cookie-Richtlinie\"}]},{\"@type\":\"WebSite\",\"@id\":\"https:\/\/aliovayolu.com\/fr\/#website\",\"url\":\"https:\/\/aliovayolu.com\/fr\/\",\"name\":\"Do\u00e7. Dr. Ali OVAYOLU\",\"description\":\"\",\"potentialAction\":[{\"@type\":\"SearchAction\",\"target\":{\"@type\":\"EntryPoint\",\"urlTemplate\":\"https:\/\/aliovayolu.com\/fr\/?s={search_term_string}\"},\"query-input\":{\"@type\":\"PropertyValueSpecification\",\"valueRequired\":true,\"valueName\":\"search_term_string\"}}],\"inLanguage\":\"de\"}]}<\/script>\n<!-- \/ Yoast SEO plugin. -->","yoast_head_json":{"title":"Cookie-Richtlinie - Do\u00e7. Dr. Ali OVAYOLU","robots":{"index":"index","follow":"follow","max-snippet":"max-snippet:-1","max-image-preview":"max-image-preview:large","max-video-preview":"max-video-preview:-1"},"canonical":"https:\/\/aliovayolu.com\/cerez-politikasi\/","og_locale":"de_DE","og_type":"article","og_title":"Cookie-Richtlinie - Do\u00e7. Dr. Ali OVAYOLU","og_description":"Was ist ein Cookie? Cookies sind kleine Textdateien, die von den Websites, die Sie besuchen, auf Ihrem Computer oder auf mobilen Ger\u00e4ten wie Smartphones oder Tablets gespeichert werden, um standardm\u00e4\u00dfige Internetprotokolle (Logs) und Informationen \u00fcber das Besucherverhalten zu sammeln.Cookies enthalten in der Regel den Namen der Website, von der sie stammen, die Dauer ihrer Speicherung [&hellip;]","og_url":"https:\/\/aliovayolu.com\/cerez-politikasi\/","og_site_name":"Do\u00e7. Dr. Ali OVAYOLU","article_modified_time":"2025-07-21T20:31:33+00:00","twitter_card":"summary_large_image","twitter_misc":{"Gesch\u00e4tzte Lesezeit":"4\u00a0Minuten"},"schema":{"@context":"https:\/\/schema.org","@graph":[{"@type":"WebPage","@id":"https:\/\/aliovayolu.com\/cerez-politikasi\/","url":"https:\/\/aliovayolu.com\/cerez-politikasi\/","name":"Cookie-Richtlinie - Do\u00e7. Dr. Ali OVAYOLU","isPartOf":{"@id":"https:\/\/aliovayolu.com\/fr\/#website"},"datePublished":"2025-04-22T20:01:29+00:00","dateModified":"2025-07-21T20:31:33+00:00","breadcrumb":{"@id":"https:\/\/aliovayolu.com\/cerez-politikasi\/#breadcrumb"},"inLanguage":"de","potentialAction":[{"@type":"ReadAction","target":["https:\/\/aliovayolu.com\/cerez-politikasi\/"]}]},{"@type":"BreadcrumbList","@id":"https:\/\/aliovayolu.com\/cerez-politikasi\/#breadcrumb","itemListElement":[{"@type":"ListItem","position":1,"name":"Home","item":"https:\/\/aliovayolu.com\/de\/"},{"@type":"ListItem","position":2,"name":"Cookie-Richtlinie"}]},{"@type":"WebSite","@id":"https:\/\/aliovayolu.com\/fr\/#website","url":"https:\/\/aliovayolu.com\/fr\/","name":"Do\u00e7. Dr. Ali OVAYOLU","description":"","potentialAction":[{"@type":"SearchAction","target":{"@type":"EntryPoint","urlTemplate":"https:\/\/aliovayolu.com\/fr\/?s={search_term_string}"},"query-input":{"@type":"PropertyValueSpecification","valueRequired":true,"valueName":"search_term_string"}}],"inLanguage":"de"}]}},"_links":{"self":[{"href":"https:\/\/aliovayolu.com\/de\/wp-json\/wp\/v2\/pages\/23271","targetHints":{"allow":["GET"]}}],"collection":[{"href":"https:\/\/aliovayolu.com\/de\/wp-json\/wp\/v2\/pages"}],"about":[{"href":"https:\/\/aliovayolu.com\/de\/wp-json\/wp\/v2\/types\/page"}],"author":[{"embeddable":true,"href":"https:\/\/aliovayolu.com\/de\/wp-json\/wp\/v2\/users\/1"}],"replies":[{"embeddable":true,"href":"https:\/\/aliovayolu.com\/de\/wp-json\/wp\/v2\/comments?post=23271"}],"version-history":[{"count":1,"href":"https:\/\/aliovayolu.com\/de\/wp-json\/wp\/v2\/pages\/23271\/revisions"}],"predecessor-version":[{"id":23272,"href":"https:\/\/aliovayolu.com\/de\/wp-json\/wp\/v2\/pages\/23271\/revisions\/23272"}],"wp:attachment":[{"href":"https:\/\/aliovayolu.com\/de\/wp-json\/wp\/v2\/media?parent=23271"}],"curies":[{"name":"wp","href":"https:\/\/api.w.org\/{rel}","templated":true}]}}