{"id":23280,"date":"2025-04-16T23:50:40","date_gmt":"2025-04-16T20:50:40","guid":{"rendered":"https:\/\/aliovayolu.com\/datenschutzrichtlinie\/"},"modified":"2025-07-22T16:22:19","modified_gmt":"2025-07-22T13:22:19","slug":"datenschutzrichtlinie","status":"publish","type":"page","link":"https:\/\/aliovayolu.com\/de\/datenschutzrichtlinie\/","title":{"rendered":"Datenschutzrichtlinie"},"content":{"rendered":"\t\t<div data-elementor-type=\"wp-page\" data-elementor-id=\"23280\" class=\"elementor elementor-23280 elementor-20044\">\n\t\t\t\t<div class=\"elementor-element elementor-element-2a09da2b e-flex e-con-boxed e-con e-parent\" data-id=\"2a09da2b\" data-element_type=\"container\" data-e-type=\"container\">\n\t\t\t\t\t<div class=\"e-con-inner\">\n\t\t\t\t<div class=\"elementor-element elementor-element-55627e17 elementor-widget elementor-widget-text-editor\" data-id=\"55627e17\" data-element_type=\"widget\" data-e-type=\"widget\" data-widget_type=\"text-editor.default\">\n\t\t\t\t<div class=\"elementor-widget-container\">\n\t\t\t\t\t\t\t\t\t<p class=\"brz-tp-lg-paragraph brz-css-i5PYO\" data-generated-css=\"brz-css-miauf\" data-uniq-id=\"hP5Fj\"><span class=\"brz-cp-color7\">Ihre Sicherheit ist uns wichtig. Aus diesem Grund werden Ihre pers\u00f6nlichen Daten, die Sie mit uns teilen, mit besonderer Sorgfalt gesch\u00fctzt. <\/span><\/p><p class=\"brz-tp-lg-paragraph brz-css-rdnjx\" data-generated-css=\"brz-css-tht2S\" data-uniq-id=\"zSrQv\"><span class=\"brz-cp-color7\">Als Verantwortlicher f\u00fcr die Datenverarbeitung beabsichtigt Doz. Dr. Ali Ovayolu, Sie mit dieser Datenschutz- und Datenschutzerkl\u00e4rung dar\u00fcber zu informieren, welche Ihrer personenbezogenen Daten zu welchen Zwecken verarbeitet werden, mit wem und warum diese Daten gegebenenfalls geteilt werden k\u00f6nnen, welche Methoden und rechtlichen Grundlagen der Datenverarbeitung zugrunde liegen und welche Rechte Sie in Bezug auf Ihre verarbeiteten Daten haben. <\/span><\/p><h2 class=\"brz-tp-lg-paragraph brz-css-xeThK\" data-generated-css=\"brz-css-mHlhj\" data-uniq-id=\"yzdyW\"><span class=\"brz-cp-color7\">Ihre erhobenen personenbezogenen Daten, die Erhebungsmethode und der rechtliche Grund<\/span><\/h2><p class=\"brz-tp-lg-paragraph brz-css-zUwJ9\" data-generated-css=\"brz-css-nd6QW\" data-uniq-id=\"u73hh\"><span class=\"brz-cp-color7\">Ihre IP-Adresse und Informationen zum User-Agent werden ausschlie\u00dflich zu Analysezwecken verarbeitet. Dies erfolgt durch Cookies und \u00e4hnliche Technologien, entweder durch automatische oder nicht-automatische Methoden und gelegentlich auch durch Dritte wie Analytik-Dienstleister, Werbenetzwerke, Suchinformationsanbieter oder Technologieanbieter. Die Daten werden im Rahmen unserer Dienstleistungs- und Vertragsbeziehung erfasst, gespeichert, aktualisiert und verarbeitet \u2013 und zwar auf Grundlage des berechtigten Interesses w\u00e4hrend der Dauer dieser Beziehung. <\/span><\/p><h2 class=\"brz-tp-lg-paragraph brz-css-bRHGC\" data-generated-css=\"brz-css-qOzMu\" data-uniq-id=\"iSG0w\"><span class=\"brz-cp-color7\">Zweck der Verarbeitung Ihrer personenbezogenen Daten<\/span><\/h2><p class=\"brz-tp-lg-paragraph brz-css-x61v3\" data-generated-css=\"brz-css-dFFNY\" data-uniq-id=\"dot_K\"><span class=\"brz-cp-color7\">Die von Ihnen mit uns geteilten personenbezogenen Daten werden ausschlie\u00dflich zu Analysezwecken verarbeitet, um die Anforderungen der von uns angebotenen Dienstleistungen bestm\u00f6glich zu erf\u00fcllen, Ihnen den Zugang zu diesen Dienstleistungen zu erm\u00f6glichen und einen maximalen Nutzen zu gew\u00e4hrleisten. Zudem dienen sie der Weiterentwicklung unserer Dienstleistungen entsprechend Ihrer Bed\u00fcrfnisse sowie der gesetzeskonformen Vermittlung umfassenderer Dienstleistungsanbieter. Ihre Daten werden auch verarbeitet, um gesetzlichen Verpflichtungen (wie der Weitergabe personenbezogener Daten an Justiz- oder Verwaltungsbeh\u00f6rden auf Anfrage) nachzukommen. Die Verarbeitung und Aktualisierung Ihrer Daten erfolgt dabei w\u00e4hrend der Vertrags- und Dienstleistungsdauer zweckgebunden und verh\u00e4ltnism\u00e4\u00dfig.<\/span><\/p><h2 class=\"brz-tp-lg-paragraph brz-css-iq90v\" data-generated-css=\"brz-css-mcniU\" data-uniq-id=\"kp2KA\"><span class=\"brz-cp-color7\">An wen und zu welchen Zwecken die erhobenen personenbezogenen Daten weitergegeben werden k\u00f6nnen<\/span><\/h2><p class=\"brz-tp-lg-paragraph brz-css-tiN_R\" data-generated-css=\"brz-css-yHVMA\" data-uniq-id=\"jx1kS\"><span class=\"brz-cp-color7\">Die von Ihnen mit uns geteilten personenbezogenen Daten k\u00f6nnen \u2013 unter der Voraussetzung, dass die erforderlichen technischen und administrativen Ma\u00dfnahmen getroffen werden \u2013 an Dritte im In- und Ausland sowie an Institutionen und Organisationen weitergegeben werden, mit denen wir im Rahmen unserer Gesch\u00e4ftst\u00e4tigkeit in vertraglichen Beziehungen stehen, von denen wir Dienstleistungen erhalten oder an die wir solche erbringen, mit denen wir kooperieren, sowie auf Anfrage an Justiz- und Verwaltungsbeh\u00f6rden. <\/span><\/p><h2 class=\"brz-tp-lg-paragraph brz-css-iBMg9\" data-generated-css=\"brz-css-jqR_W\" data-uniq-id=\"jSMqy\"><span class=\"brz-cp-color7\">Ihre Rechte als betroffene Person bei der Verarbeitung personenbezogener Daten<\/span><\/h2><p class=\"brz-tp-lg-paragraph brz-css-dAsbO\" data-generated-css=\"brz-css-wh6nH\" data-uniq-id=\"mHucB\"><span class=\"brz-cp-color7\">Gem\u00e4\u00df Artikel 11 des t\u00fcrkischen Datenschutzgesetzes (KVKK) kann jede Person sich an den Verantwortlichen wenden und die folgenden Rechte aus\u00fcben:<\/span><\/p><p class=\"brz-tp-lg-paragraph brz-css-ssBGA\" data-generated-css=\"brz-css-bVv8d\" data-uniq-id=\"y6pea\"><span class=\"brz-cp-color7\">Zu erfahren, ob personenbezogene Daten verarbeitet werden,<\/span><\/p><p class=\"brz-tp-lg-paragraph brz-css-eTEtI\" data-generated-css=\"brz-css-sbBxW\" data-uniq-id=\"xlmNs\"><span class=\"brz-cp-color7\">Auskunft \u00fcber die Verarbeitung personenbezogener Daten zu verlangen, falls eine solche erfolgt ist,<\/span><\/p><p class=\"brz-tp-lg-paragraph brz-css-qro8H\" data-generated-css=\"brz-css-kZXrG\" data-uniq-id=\"rVUWQ\"><span class=\"brz-cp-color7\">Den Zweck der Verarbeitung personenbezogener Daten zu erfahren und zu erfahren, ob diese Daten entsprechend dem Zweck verwendet werden,<\/span><\/p><p class=\"brz-tp-lg-paragraph brz-css-yJpnX\" data-generated-css=\"brz-css-aRj3d\" data-uniq-id=\"dWUBg\"><span class=\"brz-cp-color7\">Kenntnis dar\u00fcber zu erlangen, an welche Dritten im In- oder Ausland personenbezogene Daten \u00fcbermittelt wurden,<\/span><\/p><p class=\"brz-tp-lg-paragraph brz-css-lNwKr\" data-generated-css=\"brz-css-vGaM7\" data-uniq-id=\"qHpHi\"><span class=\"brz-cp-color7\">Die Berichtigung unvollst\u00e4ndig oder fehlerhaft verarbeiteter personenbezogener Daten zu verlangen,<\/span><\/p><p class=\"brz-tp-lg-paragraph brz-css-cXQ4B\" data-generated-css=\"brz-css-qD3ju\" data-uniq-id=\"mRkWA\"><span class=\"brz-cp-color7\">Die L\u00f6schung oder Vernichtung personenbezogener Daten zu verlangen,<\/span><\/p><p class=\"brz-tp-lg-paragraph brz-css-vFh8x\" data-generated-css=\"brz-css-uSYU4\" data-uniq-id=\"gsYqH\"><span class=\"brz-cp-color7\">Die Mitteilung der gem\u00e4\u00df den Buchstaben (e) und (f) vorgenommenen Ma\u00dfnahmen an Dritte zu verlangen, an die personenbezogene Daten \u00fcbermittelt wurden, <\/span><\/p><p class=\"brz-tp-lg-paragraph brz-css-e0_oH\" data-generated-css=\"brz-css-hD0zm\" data-uniq-id=\"rprJj\"><span class=\"brz-cp-color7\">Der Verarbeitung und Analyse der personenbezogenen Daten ausschlie\u00dflich durch automatisierte Systeme zu widersprechen, wenn dadurch ein Ergebnis entsteht, das sich nachteilig auf die betroffene Person auswirkt,<\/span><\/p><p class=\"brz-tp-lg-paragraph brz-css-oBNR_\" data-generated-css=\"brz-css-w5KOa\" data-uniq-id=\"zjUG5\"><span class=\"brz-cp-color7\">Die betroffene Person hat das Recht, Schadensersatz zu verlangen, wenn sie aufgrund der rechtswidrigen Verarbeitung ihrer personenbezogenen Daten einen Schaden erleidet.<\/span><\/p><p class=\"brz-tp-lg-paragraph brz-css-kTxe7\" data-generated-css=\"brz-css-okSxk\" data-uniq-id=\"zAF_s\"><span class=\"brz-cp-color7\">Um die oben genannten Rechte auszu\u00fcben, k\u00f6nnen Sie uns \u00fcber info@aliovayolu.com oder ovayolu.ali@gmail.com kontaktieren.<\/span><\/p><h2 class=\"brz-tp-lg-paragraph brz-css-uHd_H\" data-generated-css=\"brz-css-vdKwl\" data-uniq-id=\"wmp_z\"><span class=\"brz-cp-color7\">Kontakt<\/span><\/h2><p class=\"brz-tp-lg-paragraph brz-css-ijFkJ\" data-generated-css=\"brz-css-c6Zzp\" data-uniq-id=\"jyS4Q\"><span class=\"brz-cp-color7\">Sie sind vollkommen frei in Ihrer Entscheidung, ob Sie der Verarbeitung Ihrer personenbezogenen Daten, die ausschlie\u00dflich f\u00fcr Analysezwecke zur Erbringung unserer Dienstleistungen erforderlich sind, gem\u00e4\u00df dieser Datenschutz- und Datenverarbeitungspolitik zustimmen m\u00f6chten oder nicht. Sofern Sie die Website weiterhin nutzen, wird davon ausgegangen, dass Sie dieser Verarbeitung zugestimmt haben. F\u00fcr weitere Informationen z\u00f6gern Sie bitte nicht, uns \u00fcber die E-Mail-Adressen info@aliovayolu.com oder ovayolu.ali@gmail.com zu kontaktieren. <\/span><\/p>\t\t\t\t\t\t\t\t<\/div>\n\t\t\t\t<\/div>\n\t\t\t\t\t<\/div>\n\t\t\t\t<\/div>\n\t\t\t\t<\/div>\n\t\t","protected":false},"excerpt":{"rendered":"<p>Ihre Sicherheit ist uns wichtig. Aus diesem Grund werden Ihre pers\u00f6nlichen Daten, die Sie mit uns teilen, mit besonderer Sorgfalt gesch\u00fctzt. Als Verantwortlicher f\u00fcr die Datenverarbeitung beabsichtigt Doz. Dr. Ali Ovayolu, Sie mit dieser Datenschutz- und Datenschutzerkl\u00e4rung dar\u00fcber zu informieren, welche Ihrer personenbezogenen Daten zu welchen Zwecken verarbeitet werden, mit wem und warum diese Daten [&hellip;]<\/p>\n","protected":false},"author":1,"featured_media":0,"parent":0,"menu_order":0,"comment_status":"closed","ping_status":"closed","template":"","meta":{"_acf_changed":false,"footnotes":""},"class_list":["post-23280","page","type-page","status-publish","hentry"],"acf":[],"yoast_head":"<!-- This site is optimized with the Yoast SEO plugin v27.2 - https:\/\/yoast.com\/product\/yoast-seo-wordpress\/ -->\n<title>Datenschutzrichtlinie - Do\u00e7. Dr. Ali OVAYOLU<\/title>\n<meta name=\"robots\" content=\"index, follow, max-snippet:-1, max-image-preview:large, max-video-preview:-1\" \/>\n<link rel=\"canonical\" href=\"https:\/\/aliovayolu.com\/gizlilik-politikasi\/\" \/>\n<meta property=\"og:locale\" content=\"de_DE\" \/>\n<meta property=\"og:type\" content=\"article\" \/>\n<meta property=\"og:title\" content=\"Datenschutzrichtlinie - Do\u00e7. Dr. Ali OVAYOLU\" \/>\n<meta property=\"og:description\" content=\"Ihre Sicherheit ist uns wichtig. Aus diesem Grund werden Ihre pers\u00f6nlichen Daten, die Sie mit uns teilen, mit besonderer Sorgfalt gesch\u00fctzt. Als Verantwortlicher f\u00fcr die Datenverarbeitung beabsichtigt Doz. Dr. Ali Ovayolu, Sie mit dieser Datenschutz- und Datenschutzerkl\u00e4rung dar\u00fcber zu informieren, welche Ihrer personenbezogenen Daten zu welchen Zwecken verarbeitet werden, mit wem und warum diese Daten [&hellip;]\" \/>\n<meta property=\"og:url\" content=\"https:\/\/aliovayolu.com\/gizlilik-politikasi\/\" \/>\n<meta property=\"og:site_name\" content=\"Do\u00e7. Dr. Ali OVAYOLU\" \/>\n<meta property=\"article:modified_time\" content=\"2025-07-22T13:22:19+00:00\" \/>\n<meta name=\"twitter:card\" content=\"summary_large_image\" \/>\n<meta name=\"twitter:label1\" content=\"Gesch\u00e4tzte Lesezeit\" \/>\n\t<meta name=\"twitter:data1\" content=\"3\u00a0Minuten\" \/>\n<script type=\"application\/ld+json\" class=\"yoast-schema-graph\">{\"@context\":\"https:\/\/schema.org\",\"@graph\":[{\"@type\":\"WebPage\",\"@id\":\"https:\/\/aliovayolu.com\/gizlilik-politikasi\/\",\"url\":\"https:\/\/aliovayolu.com\/gizlilik-politikasi\/\",\"name\":\"Datenschutzrichtlinie - Do\u00e7. Dr. Ali OVAYOLU\",\"isPartOf\":{\"@id\":\"https:\/\/aliovayolu.com\/fr\/#website\"},\"datePublished\":\"2025-04-16T20:50:40+00:00\",\"dateModified\":\"2025-07-22T13:22:19+00:00\",\"breadcrumb\":{\"@id\":\"https:\/\/aliovayolu.com\/gizlilik-politikasi\/#breadcrumb\"},\"inLanguage\":\"de\",\"potentialAction\":[{\"@type\":\"ReadAction\",\"target\":[\"https:\/\/aliovayolu.com\/gizlilik-politikasi\/\"]}]},{\"@type\":\"BreadcrumbList\",\"@id\":\"https:\/\/aliovayolu.com\/gizlilik-politikasi\/#breadcrumb\",\"itemListElement\":[{\"@type\":\"ListItem\",\"position\":1,\"name\":\"Home\",\"item\":\"https:\/\/aliovayolu.com\/de\/\"},{\"@type\":\"ListItem\",\"position\":2,\"name\":\"Datenschutzrichtlinie\"}]},{\"@type\":\"WebSite\",\"@id\":\"https:\/\/aliovayolu.com\/fr\/#website\",\"url\":\"https:\/\/aliovayolu.com\/fr\/\",\"name\":\"Do\u00e7. Dr. Ali OVAYOLU\",\"description\":\"\",\"potentialAction\":[{\"@type\":\"SearchAction\",\"target\":{\"@type\":\"EntryPoint\",\"urlTemplate\":\"https:\/\/aliovayolu.com\/fr\/?s={search_term_string}\"},\"query-input\":{\"@type\":\"PropertyValueSpecification\",\"valueRequired\":true,\"valueName\":\"search_term_string\"}}],\"inLanguage\":\"de\"}]}<\/script>\n<!-- \/ Yoast SEO plugin. -->","yoast_head_json":{"title":"Datenschutzrichtlinie - Do\u00e7. Dr. Ali OVAYOLU","robots":{"index":"index","follow":"follow","max-snippet":"max-snippet:-1","max-image-preview":"max-image-preview:large","max-video-preview":"max-video-preview:-1"},"canonical":"https:\/\/aliovayolu.com\/gizlilik-politikasi\/","og_locale":"de_DE","og_type":"article","og_title":"Datenschutzrichtlinie - Do\u00e7. Dr. Ali OVAYOLU","og_description":"Ihre Sicherheit ist uns wichtig. Aus diesem Grund werden Ihre pers\u00f6nlichen Daten, die Sie mit uns teilen, mit besonderer Sorgfalt gesch\u00fctzt. Als Verantwortlicher f\u00fcr die Datenverarbeitung beabsichtigt Doz. Dr. Ali Ovayolu, Sie mit dieser Datenschutz- und Datenschutzerkl\u00e4rung dar\u00fcber zu informieren, welche Ihrer personenbezogenen Daten zu welchen Zwecken verarbeitet werden, mit wem und warum diese Daten [&hellip;]","og_url":"https:\/\/aliovayolu.com\/gizlilik-politikasi\/","og_site_name":"Do\u00e7. Dr. Ali OVAYOLU","article_modified_time":"2025-07-22T13:22:19+00:00","twitter_card":"summary_large_image","twitter_misc":{"Gesch\u00e4tzte Lesezeit":"3\u00a0Minuten"},"schema":{"@context":"https:\/\/schema.org","@graph":[{"@type":"WebPage","@id":"https:\/\/aliovayolu.com\/gizlilik-politikasi\/","url":"https:\/\/aliovayolu.com\/gizlilik-politikasi\/","name":"Datenschutzrichtlinie - Do\u00e7. Dr. Ali OVAYOLU","isPartOf":{"@id":"https:\/\/aliovayolu.com\/fr\/#website"},"datePublished":"2025-04-16T20:50:40+00:00","dateModified":"2025-07-22T13:22:19+00:00","breadcrumb":{"@id":"https:\/\/aliovayolu.com\/gizlilik-politikasi\/#breadcrumb"},"inLanguage":"de","potentialAction":[{"@type":"ReadAction","target":["https:\/\/aliovayolu.com\/gizlilik-politikasi\/"]}]},{"@type":"BreadcrumbList","@id":"https:\/\/aliovayolu.com\/gizlilik-politikasi\/#breadcrumb","itemListElement":[{"@type":"ListItem","position":1,"name":"Home","item":"https:\/\/aliovayolu.com\/de\/"},{"@type":"ListItem","position":2,"name":"Datenschutzrichtlinie"}]},{"@type":"WebSite","@id":"https:\/\/aliovayolu.com\/fr\/#website","url":"https:\/\/aliovayolu.com\/fr\/","name":"Do\u00e7. Dr. Ali OVAYOLU","description":"","potentialAction":[{"@type":"SearchAction","target":{"@type":"EntryPoint","urlTemplate":"https:\/\/aliovayolu.com\/fr\/?s={search_term_string}"},"query-input":{"@type":"PropertyValueSpecification","valueRequired":true,"valueName":"search_term_string"}}],"inLanguage":"de"}]}},"_links":{"self":[{"href":"https:\/\/aliovayolu.com\/de\/wp-json\/wp\/v2\/pages\/23280","targetHints":{"allow":["GET"]}}],"collection":[{"href":"https:\/\/aliovayolu.com\/de\/wp-json\/wp\/v2\/pages"}],"about":[{"href":"https:\/\/aliovayolu.com\/de\/wp-json\/wp\/v2\/types\/page"}],"author":[{"embeddable":true,"href":"https:\/\/aliovayolu.com\/de\/wp-json\/wp\/v2\/users\/1"}],"replies":[{"embeddable":true,"href":"https:\/\/aliovayolu.com\/de\/wp-json\/wp\/v2\/comments?post=23280"}],"version-history":[{"count":1,"href":"https:\/\/aliovayolu.com\/de\/wp-json\/wp\/v2\/pages\/23280\/revisions"}],"predecessor-version":[{"id":23281,"href":"https:\/\/aliovayolu.com\/de\/wp-json\/wp\/v2\/pages\/23280\/revisions\/23281"}],"wp:attachment":[{"href":"https:\/\/aliovayolu.com\/de\/wp-json\/wp\/v2\/media?parent=23280"}],"curies":[{"name":"wp","href":"https:\/\/api.w.org\/{rel}","templated":true}]}}