{"id":22076,"date":"2025-04-22T23:01:29","date_gmt":"2025-04-22T20:01:29","guid":{"rendered":"https:\/\/aliovayolu.com\/politique-de-cookies\/"},"modified":"2025-06-19T15:32:15","modified_gmt":"2025-06-19T12:32:15","slug":"politique-de-cookies","status":"publish","type":"page","link":"https:\/\/aliovayolu.com\/fr\/politique-de-cookies\/","title":{"rendered":"Politique de Cookies"},"content":{"rendered":"\t\t<div data-elementor-type=\"wp-page\" data-elementor-id=\"22076\" class=\"elementor elementor-22076 elementor-20195\">\n\t\t\t\t<div class=\"elementor-element elementor-element-2a09da2b e-flex e-con-boxed e-con e-parent\" data-id=\"2a09da2b\" data-element_type=\"container\" data-e-type=\"container\">\n\t\t\t\t\t<div class=\"e-con-inner\">\n\t\t\t\t<div class=\"elementor-element elementor-element-55627e17 elementor-widget elementor-widget-text-editor\" data-id=\"55627e17\" data-element_type=\"widget\" data-e-type=\"widget\" data-widget_type=\"text-editor.default\">\n\t\t\t\t<div class=\"elementor-widget-container\">\n\t\t\t\t\t\t\t\t\t<h2>Qu\u2019est-ce qu\u2019un cookie ?<\/h2><ul><li>Les cookies sont de petits fichiers texte enregistr\u00e9s sur votre ordinateur ou sur vos appareils mobiles tels que smartphone ou tablette par les sites que vous visitez, afin de collecter des journaux Internet standards (logs) et des informations sur le comportement des visiteurs.<br>Les cookies contiennent g\u00e9n\u00e9ralement le nom du site Web d\u2019o\u00f9 ils proviennent, la dur\u00e9e de leur conservation sur votre appareil, ainsi qu\u2019une valeur constitu\u00e9e d\u2019un num\u00e9ro g\u00e9n\u00e9r\u00e9 al\u00e9atoirement.<br>Pour plus d\u2019informations, vous pouvez visiter les sites : www.aboutcookies.org ou www.allaboutcookies.org.  <\/li><\/ul><h2>Quel est l&#8217;objectif de l&#8217;utilisation des cookies ?<\/h2><ul><li>Les cookies sont utilis\u00e9s pour recueillir des informations statistiques sur la mani\u00e8re dont les visiteurs utilisent le site web et sur les activit\u00e9s du site.<br>Les sites Internet peuvent lire et \u00e9crire ces fichiers cookies, ce qui leur permet de se souvenir d\u2019informations importantes vous concernant afin de vous offrir une exp\u00e9rience en ligne plus adapt\u00e9e (comme la m\u00e9morisation de vos pr\u00e9f\u00e9rences). <\/li><\/ul><h2>Quels sont les types de cookies ?<\/h2><ul><li><strong>Types de cookies selon leur dur\u00e9e d&#8217;utilisation :<\/strong><br>Les cookies se divisent en deux cat\u00e9gories : les cookies de session et les cookies persistants.  <\/li><li><strong>Types de cookies selon leur propri\u00e9taire :<\/strong><br>Les cookies se divisent en deux cat\u00e9gories : les cookies de premi\u00e8re partie et les cookies de tierce partie.    <\/li><li><strong>Types de cookies selon leur finalit\u00e9 d&#8217;utilisation :<\/strong><br>On peut citer les cookies techniques, les cookies d\u2019authentification, les cookies Flash, les cookies de personnalisation et les cookies analytiques.<\/li><\/ul><h2>Champ d&#8217;utilisation des cookies<\/h2><ul><li><strong>Cookies techniques :<\/strong> Les cookies techniques permettent le bon fonctionnement du site et aident \u00e0 d\u00e9tecter les pages ou sections qui ne fonctionnent pas correctement.<\/li><li><strong>Cookies d\u2019authentification :<\/strong> Lorsque les visiteurs se connectent au site en utilisant leur mot de passe, ces cookies permettent d\u2019identifier l\u2019utilisateur sur chaque page visit\u00e9e du site, \u00e9vitant ainsi \u00e0 l\u2019utilisateur de devoir ressaisir son mot de passe \u00e0 chaque page.<\/li><li><strong>Cookies Flash : <\/strong>Ce type de cookie est utilis\u00e9 pour activer les contenus visuels ou sonores pr\u00e9sents sur le site.<\/li><li><strong>Cookies de personnalisation :<\/strong> Ces cookies sont utilis\u00e9s pour se souvenir des pr\u00e9f\u00e9rences des utilisateurs lors de leurs visites sur diff\u00e9rentes pages d\u2019un m\u00eame site Internet. Par exemple, la m\u00e9morisation de la langue choisie. <\/li><li><strong>Cookies analytiques <\/strong>: Les cookies analytiques permettent de g\u00e9n\u00e9rer des rapports statistiques, tels que le nombre de visiteurs du site, les pages consult\u00e9es, les heures de visite, ainsi que les mouvements de d\u00e9filement des pages du site.<\/li><\/ul><h2>Comment aliovayolu.com utilise-t-il les cookies ?<\/h2><ul><li><strong>aliovayolu.com<\/strong> n\u2019utilise pas les cookies pour collecter vos informations personnelles (par exemple : nom, adresse, e-mail, t\u00e9l\u00e9phone, etc.) sans votre consentement explicite (ce consentement est obtenu lors de votre inscription sur notre site, du remplissage d\u2019un formulaire li\u00e9 \u00e0 nos services, etc.).<br>Nous utilisons les cookies pour faciliter l\u2019utilisation de notre site, analyser le flux des pages Internet, mesurer le contenu et nos publicit\u00e9s, ainsi que pour am\u00e9liorer la s\u00e9curit\u00e9 de notre site.<br>Les cookies contribuent \u00e9galement \u00e0 acc\u00e9l\u00e9rer vos interactions sur <strong>aliovayolu.com.<\/strong><br>De plus, nous utilisons les cookies pour recueillir des informations statistiques afin de comprendre comment nos visiteurs utilisent notre site et pour am\u00e9liorer la conception et l\u2019ergonomie de celui-ci   <\/li><\/ul><h2>Puis-je supprimer les cookies ?<\/h2><p>Les navigateurs Internet sont configur\u00e9s par d\u00e9faut pour accepter les cookies. Vous pouvez param\u00e9trer votre navigateur pour qu\u2019il refuse les cookies ou supprimer ceux d\u00e9j\u00e0 pr\u00e9sents. Cependant, cela peut entra\u00eener, pour des raisons techniques, que certaines fonctionnalit\u00e9s de notre site ne fonctionnent pas correctement.<br>Toutefois, vous pourrez toujours acc\u00e9der \u00e0 notre site m\u00eame sans cookies.<br>Pour savoir comment modifier ces param\u00e8tres, veuillez utiliser la fonction d\u2019aide de votre navigateur. Vous trouverez ci-dessous des informations sur la mani\u00e8re d\u2019acc\u00e9der \u00e0 ces r\u00e9glages.     <\/p><ul><li>Adobe Analytics : http:\/\/www.adobe.com\/fr\/privacy\/opt-out.html<\/li><li>AOL https:\/\/help.aol.com\/articles\/restore-security-settings-and-enable-cookie-settings-on-browser<\/li><li>Google Adwords https:\/\/support.google.com\/ads\/answer\/2662922?hl=en<\/li><li>Google Analytics https:\/\/tools.google.com\/dlpage\/gaoptout<\/li><li>Google Chrome http:\/\/www.google.com\/support\/chrome\/bin\/answer.py?hl=en&amp;answer=95647<\/li><li>Internet Explorer https:\/\/support.microsoft.com\/en-us\/help\/17442\/windows-internet-explorer-delete-manage-cookies<\/li><li>Mozilla Firefox http:\/\/support.mozilla.com\/en-US\/kb\/Cookies<\/li><li>Opera http:\/\/www.opera.com\/browser\/tutorials\/security\/privacy\/<\/li><li>Safari https:\/\/support.apple.com\/kb\/ph19214?locale=tr_TR<\/li><\/ul><p>Pour plus d\u2019informations d\u00e9taill\u00e9es sur la mani\u00e8re de supprimer les cookies, vous pouvez consulter les sites www.aboutcookies.org ou www.allaboutcookies.org.<\/p>\t\t\t\t\t\t\t\t<\/div>\n\t\t\t\t<\/div>\n\t\t\t\t\t<\/div>\n\t\t\t\t<\/div>\n\t\t\t\t<\/div>\n\t\t","protected":false},"excerpt":{"rendered":"<p>Qu\u2019est-ce qu\u2019un cookie ? Les cookies sont de petits fichiers texte enregistr\u00e9s sur votre ordinateur ou sur vos appareils mobiles tels que smartphone ou tablette par les sites que vous visitez, afin de collecter des journaux Internet standards (logs) et des informations sur le comportement des visiteurs.Les cookies contiennent g\u00e9n\u00e9ralement le nom du site Web [&hellip;]<\/p>\n","protected":false},"author":1,"featured_media":0,"parent":0,"menu_order":0,"comment_status":"closed","ping_status":"closed","template":"","meta":{"_acf_changed":false,"footnotes":""},"class_list":["post-22076","page","type-page","status-publish","hentry"],"acf":[],"yoast_head":"<!-- This site is optimized with the Yoast SEO plugin v27.2 - https:\/\/yoast.com\/product\/yoast-seo-wordpress\/ -->\n<title>Politique de Cookies - Do\u00e7. Dr. Ali OVAYOLU<\/title>\n<meta name=\"robots\" content=\"index, follow, max-snippet:-1, max-image-preview:large, max-video-preview:-1\" \/>\n<link rel=\"canonical\" href=\"https:\/\/aliovayolu.com\/cerez-politikasi\/\" \/>\n<meta property=\"og:locale\" content=\"fr_FR\" \/>\n<meta property=\"og:type\" content=\"article\" \/>\n<meta property=\"og:title\" content=\"Politique de Cookies - Do\u00e7. Dr. Ali OVAYOLU\" \/>\n<meta property=\"og:description\" content=\"Qu\u2019est-ce qu\u2019un cookie ? Les cookies sont de petits fichiers texte enregistr\u00e9s sur votre ordinateur ou sur vos appareils mobiles tels que smartphone ou tablette par les sites que vous visitez, afin de collecter des journaux Internet standards (logs) et des informations sur le comportement des visiteurs.Les cookies contiennent g\u00e9n\u00e9ralement le nom du site Web [&hellip;]\" \/>\n<meta property=\"og:url\" content=\"https:\/\/aliovayolu.com\/cerez-politikasi\/\" \/>\n<meta property=\"og:site_name\" content=\"Do\u00e7. Dr. Ali OVAYOLU\" \/>\n<meta property=\"article:modified_time\" content=\"2025-06-19T12:32:15+00:00\" \/>\n<meta name=\"twitter:card\" content=\"summary_large_image\" \/>\n<meta name=\"twitter:label1\" content=\"Dur\u00e9e de lecture estim\u00e9e\" \/>\n\t<meta name=\"twitter:data1\" content=\"4 minutes\" \/>\n<script type=\"application\/ld+json\" class=\"yoast-schema-graph\">{\"@context\":\"https:\/\/schema.org\",\"@graph\":[{\"@type\":\"WebPage\",\"@id\":\"https:\/\/aliovayolu.com\/cerez-politikasi\/\",\"url\":\"https:\/\/aliovayolu.com\/cerez-politikasi\/\",\"name\":\"Politique de Cookies - Do\u00e7. Dr. Ali OVAYOLU\",\"isPartOf\":{\"@id\":\"https:\/\/aliovayolu.com\/fr\/#website\"},\"datePublished\":\"2025-04-22T20:01:29+00:00\",\"dateModified\":\"2025-06-19T12:32:15+00:00\",\"breadcrumb\":{\"@id\":\"https:\/\/aliovayolu.com\/cerez-politikasi\/#breadcrumb\"},\"inLanguage\":\"fr-FR\",\"potentialAction\":[{\"@type\":\"ReadAction\",\"target\":[\"https:\/\/aliovayolu.com\/cerez-politikasi\/\"]}]},{\"@type\":\"BreadcrumbList\",\"@id\":\"https:\/\/aliovayolu.com\/cerez-politikasi\/#breadcrumb\",\"itemListElement\":[{\"@type\":\"ListItem\",\"position\":1,\"name\":\"Home\",\"item\":\"https:\/\/aliovayolu.com\/fr\/\"},{\"@type\":\"ListItem\",\"position\":2,\"name\":\"Politique de Cookies\"}]},{\"@type\":\"WebSite\",\"@id\":\"https:\/\/aliovayolu.com\/fr\/#website\",\"url\":\"https:\/\/aliovayolu.com\/fr\/\",\"name\":\"Do\u00e7. Dr. Ali OVAYOLU\",\"description\":\"\",\"potentialAction\":[{\"@type\":\"SearchAction\",\"target\":{\"@type\":\"EntryPoint\",\"urlTemplate\":\"https:\/\/aliovayolu.com\/fr\/?s={search_term_string}\"},\"query-input\":{\"@type\":\"PropertyValueSpecification\",\"valueRequired\":true,\"valueName\":\"search_term_string\"}}],\"inLanguage\":\"fr-FR\"}]}<\/script>\n<!-- \/ Yoast SEO plugin. -->","yoast_head_json":{"title":"Politique de Cookies - Do\u00e7. Dr. Ali OVAYOLU","robots":{"index":"index","follow":"follow","max-snippet":"max-snippet:-1","max-image-preview":"max-image-preview:large","max-video-preview":"max-video-preview:-1"},"canonical":"https:\/\/aliovayolu.com\/cerez-politikasi\/","og_locale":"fr_FR","og_type":"article","og_title":"Politique de Cookies - Do\u00e7. Dr. Ali OVAYOLU","og_description":"Qu\u2019est-ce qu\u2019un cookie ? Les cookies sont de petits fichiers texte enregistr\u00e9s sur votre ordinateur ou sur vos appareils mobiles tels que smartphone ou tablette par les sites que vous visitez, afin de collecter des journaux Internet standards (logs) et des informations sur le comportement des visiteurs.Les cookies contiennent g\u00e9n\u00e9ralement le nom du site Web [&hellip;]","og_url":"https:\/\/aliovayolu.com\/cerez-politikasi\/","og_site_name":"Do\u00e7. Dr. Ali OVAYOLU","article_modified_time":"2025-06-19T12:32:15+00:00","twitter_card":"summary_large_image","twitter_misc":{"Dur\u00e9e de lecture estim\u00e9e":"4 minutes"},"schema":{"@context":"https:\/\/schema.org","@graph":[{"@type":"WebPage","@id":"https:\/\/aliovayolu.com\/cerez-politikasi\/","url":"https:\/\/aliovayolu.com\/cerez-politikasi\/","name":"Politique de Cookies - Do\u00e7. Dr. Ali OVAYOLU","isPartOf":{"@id":"https:\/\/aliovayolu.com\/fr\/#website"},"datePublished":"2025-04-22T20:01:29+00:00","dateModified":"2025-06-19T12:32:15+00:00","breadcrumb":{"@id":"https:\/\/aliovayolu.com\/cerez-politikasi\/#breadcrumb"},"inLanguage":"fr-FR","potentialAction":[{"@type":"ReadAction","target":["https:\/\/aliovayolu.com\/cerez-politikasi\/"]}]},{"@type":"BreadcrumbList","@id":"https:\/\/aliovayolu.com\/cerez-politikasi\/#breadcrumb","itemListElement":[{"@type":"ListItem","position":1,"name":"Home","item":"https:\/\/aliovayolu.com\/fr\/"},{"@type":"ListItem","position":2,"name":"Politique de Cookies"}]},{"@type":"WebSite","@id":"https:\/\/aliovayolu.com\/fr\/#website","url":"https:\/\/aliovayolu.com\/fr\/","name":"Do\u00e7. Dr. Ali OVAYOLU","description":"","potentialAction":[{"@type":"SearchAction","target":{"@type":"EntryPoint","urlTemplate":"https:\/\/aliovayolu.com\/fr\/?s={search_term_string}"},"query-input":{"@type":"PropertyValueSpecification","valueRequired":true,"valueName":"search_term_string"}}],"inLanguage":"fr-FR"}]}},"_links":{"self":[{"href":"https:\/\/aliovayolu.com\/fr\/wp-json\/wp\/v2\/pages\/22076","targetHints":{"allow":["GET"]}}],"collection":[{"href":"https:\/\/aliovayolu.com\/fr\/wp-json\/wp\/v2\/pages"}],"about":[{"href":"https:\/\/aliovayolu.com\/fr\/wp-json\/wp\/v2\/types\/page"}],"author":[{"embeddable":true,"href":"https:\/\/aliovayolu.com\/fr\/wp-json\/wp\/v2\/users\/1"}],"replies":[{"embeddable":true,"href":"https:\/\/aliovayolu.com\/fr\/wp-json\/wp\/v2\/comments?post=22076"}],"version-history":[{"count":1,"href":"https:\/\/aliovayolu.com\/fr\/wp-json\/wp\/v2\/pages\/22076\/revisions"}],"predecessor-version":[{"id":22077,"href":"https:\/\/aliovayolu.com\/fr\/wp-json\/wp\/v2\/pages\/22076\/revisions\/22077"}],"wp:attachment":[{"href":"https:\/\/aliovayolu.com\/fr\/wp-json\/wp\/v2\/media?parent=22076"}],"curies":[{"name":"wp","href":"https:\/\/api.w.org\/{rel}","templated":true}]}}