{"id":22082,"date":"2025-04-16T23:50:40","date_gmt":"2025-04-16T20:50:40","guid":{"rendered":"https:\/\/aliovayolu.com\/politique-de-confidentialite\/"},"modified":"2025-06-19T15:52:34","modified_gmt":"2025-06-19T12:52:34","slug":"politique-de-confidentialite","status":"publish","type":"page","link":"https:\/\/aliovayolu.com\/fr\/politique-de-confidentialite\/","title":{"rendered":"Politique de Confidentialit\u00e9"},"content":{"rendered":"\t\t<div data-elementor-type=\"wp-page\" data-elementor-id=\"22082\" class=\"elementor elementor-22082 elementor-20044\">\n\t\t\t\t<div class=\"elementor-element elementor-element-2a09da2b e-flex e-con-boxed e-con e-parent\" data-id=\"2a09da2b\" data-element_type=\"container\" data-e-type=\"container\">\n\t\t\t\t\t<div class=\"e-con-inner\">\n\t\t\t\t<div class=\"elementor-element elementor-element-55627e17 elementor-widget elementor-widget-text-editor\" data-id=\"55627e17\" data-element_type=\"widget\" data-e-type=\"widget\" data-widget_type=\"text-editor.default\">\n\t\t\t\t<div class=\"elementor-widget-container\">\n\t\t\t\t\t\t\t\t\t<p class=\"brz-tp-lg-paragraph brz-css-i5PYO\" data-generated-css=\"brz-css-miauf\" data-uniq-id=\"hP5Fj\"><span class=\"brz-cp-color7\">La s\u00e9curit\u00e9 est importante pour nous. C\u2019est pourquoi vos donn\u00e9es personnelles que vous partagez avec nous sont prot\u00e9g\u00e9es avec la plus grande attention. <\/span><\/p><p class=\"brz-tp-lg-paragraph brz-css-rdnjx\" data-generated-css=\"brz-css-tht2S\" data-uniq-id=\"zSrQv\"><span class=\"brz-cp-color7\">En tant que responsable du traitement des donn\u00e9es, le Do\u00e7. Dr. Ali Ovayolu, \u00e0 travers cette politique de confidentialit\u00e9 et de protection des donn\u00e9es personnelles, vise \u00e0 vous informer sur quelles donn\u00e9es personnelles sont trait\u00e9es, dans quel but, avec qui et pourquoi ces donn\u00e9es sont partag\u00e9es, notre m\u00e9thode de traitement des donn\u00e9es et les bases juridiques, ainsi que vos droits concernant les donn\u00e9es trait\u00e9es. <\/span><\/p><h2 class=\"brz-tp-lg-paragraph brz-css-xeThK\" data-generated-css=\"brz-css-mHlhj\" data-uniq-id=\"yzdyW\"><span class=\"brz-cp-color7\">Donn\u00e9es Personnelles Collect\u00e9es, M\u00e9thode de Collecte et Base Juridique<\/span><\/h2><p class=\"brz-tp-lg-paragraph brz-css-zUwJ9\" data-generated-css=\"brz-css-nd6QW\" data-uniq-id=\"u73hh\"><span class=\"brz-cp-color7\">Votre adresse IP et les informations de votre agent utilisateur seront trait\u00e9es uniquement \u00e0 des fins d\u2019analyse, via des cookies et autres technologies similaires, par des m\u00e9thodes automatiques ou non, et parfois obtenues aupr\u00e8s de tiers tels que des fournisseurs d\u2019analyses, r\u00e9seaux publicitaires, fournisseurs de moteurs de recherche, fournisseurs technologiques. Ces donn\u00e9es seront enregistr\u00e9es, stock\u00e9es et mises \u00e0 jour dans le cadre et la dur\u00e9e de notre relation contractuelle et de service, fond\u00e9e sur l\u2019int\u00e9r\u00eat l\u00e9gitime. <\/span><\/p><h2 class=\"brz-tp-lg-paragraph brz-css-bRHGC\" data-generated-css=\"brz-css-qOzMu\" data-uniq-id=\"iSG0w\"><span class=\"brz-cp-color7\">Objectif du Traitement de Vos Donn\u00e9es Personnelles<\/span><\/h2><p class=\"brz-tp-lg-paragraph brz-css-x61v3\" data-generated-css=\"brz-css-dFFNY\" data-uniq-id=\"dot_K\"><span class=\"brz-cp-color7\">Les donn\u00e9es personnelles que vous partagez avec nous seront trait\u00e9es uniquement \u00e0 des fins d\u2019analyse ; afin de fournir nos services au mieux, assurer votre acc\u00e8s et votre meilleure utilisation possible de ces services, d\u00e9velopper nos services selon vos besoins, vous mettre en relation avec des prestataires de services plus larges dans un cadre l\u00e9gal, et pour respecter les obligations l\u00e9gales (partage des donn\u00e9es personnelles avec les autorit\u00e9s judiciaires et administratives sur demande). Ces traitements auront lieu pendant la dur\u00e9e du contrat et du service, de mani\u00e8re appropri\u00e9e et proportionn\u00e9e.<\/span><\/p><h2 class=\"brz-tp-lg-paragraph brz-css-iq90v\" data-generated-css=\"brz-css-mcniU\" data-uniq-id=\"kp2KA\"><span class=\"brz-cp-color7\">Destinataires et Finalit\u00e9s du Transfert des Donn\u00e9es Personnelles Collect\u00e9es<\/span><\/h2><p class=\"brz-tp-lg-paragraph brz-css-tiN_R\" data-generated-css=\"brz-css-yHVMA\" data-uniq-id=\"jx1kS\"><span class=\"brz-cp-color7\">Les donn\u00e9es personnelles que vous partagez avec nous peuvent \u00eatre transf\u00e9r\u00e9es, sous r\u00e9serve de mesures techniques et administratives appropri\u00e9es, aux tiers, institutions et organisations avec lesquels nous travaillons ou collaborons, que ce soit en Turquie ou \u00e0 l\u2019\u00e9tranger, dans le cadre de la prestation ou de la r\u00e9ception de services, de relations contractuelles, ainsi qu\u2019aux autorit\u00e9s judiciaires et administratives sur demande. <\/span><\/p><h2 class=\"brz-tp-lg-paragraph brz-css-iBMg9\" data-generated-css=\"brz-css-jqR_W\" data-uniq-id=\"jSMqy\"><span class=\"brz-cp-color7\">Vos droits en tant que personne concern\u00e9e par le traitement des donn\u00e9es personnelles<\/span><\/h2><p class=\"brz-tp-lg-paragraph brz-css-dAsbO\" data-generated-css=\"brz-css-wh6nH\" data-uniq-id=\"mHucB\"><span class=\"brz-cp-color7\">KVKK madde 11 uyar\u0131nca herkes, veri sorumlusuna ba\u015fvurarak a\u015fa\u011f\u0131daki haklar\u0131n\u0131 kullanabilir:<\/span><\/p><p class=\"brz-tp-lg-paragraph brz-css-ssBGA\" data-generated-css=\"brz-css-bVv8d\" data-uniq-id=\"y6pea\"><span class=\"brz-cp-color7\">Droit de savoir si des donn\u00e9es personnelles sont trait\u00e9es,<\/span><\/p><p class=\"brz-tp-lg-paragraph brz-css-eTEtI\" data-generated-css=\"brz-css-sbBxW\" data-uniq-id=\"xlmNs\"><span class=\"brz-cp-color7\">Droit de demander des informations si des donn\u00e9es personnelles ont \u00e9t\u00e9 trait\u00e9es,<\/span><\/p><p class=\"brz-tp-lg-paragraph brz-css-qro8H\" data-generated-css=\"brz-css-kZXrG\" data-uniq-id=\"rVUWQ\"><span class=\"brz-cp-color7\">Droit de conna\u00eetre la finalit\u00e9 du traitement des donn\u00e9es personnelles et de v\u00e9rifier si elles sont utilis\u00e9es conform\u00e9ment \u00e0 cette finalit\u00e9,<\/span><\/p><p class=\"brz-tp-lg-paragraph brz-css-yJpnX\" data-generated-css=\"brz-css-aRj3d\" data-uniq-id=\"dWUBg\"><span class=\"brz-cp-color7\">Droit de savoir \u00e0 quels tiers, en Turquie ou \u00e0 l\u2019\u00e9tranger, les donn\u00e9es personnelles ont \u00e9t\u00e9 transf\u00e9r\u00e9es,<\/span><\/p><p class=\"brz-tp-lg-paragraph brz-css-lNwKr\" data-generated-css=\"brz-css-vGaM7\" data-uniq-id=\"qHpHi\"><span class=\"brz-cp-color7\">Droit de demander la correction des donn\u00e9es personnelles incompl\u00e8tes ou incorrectes,<\/span><\/p><p class=\"brz-tp-lg-paragraph brz-css-cXQ4B\" data-generated-css=\"brz-css-qD3ju\" data-uniq-id=\"mRkWA\"><span class=\"brz-cp-color7\">Droit de demander la suppression ou la destruction des donn\u00e9es personnelles,<\/span><\/p><p class=\"brz-tp-lg-paragraph brz-css-vFh8x\" data-generated-css=\"brz-css-uSYU4\" data-uniq-id=\"gsYqH\"><span class=\"brz-cp-color7\">Droit de demander que les actions effectu\u00e9es conform\u00e9ment aux points (e) et (f) soient communiqu\u00e9es aux tiers auxquels les donn\u00e9es personnelles ont \u00e9t\u00e9 transf\u00e9r\u00e9es, <\/span><\/p><p class=\"brz-tp-lg-paragraph brz-css-e0_oH\" data-generated-css=\"brz-css-hD0zm\" data-uniq-id=\"rprJj\"><span class=\"brz-cp-color7\">Droit de s\u2019opposer \u00e0 ce qu\u2019un r\u00e9sultat d\u00e9favorable \u00e0 sa personne d\u00e9coule d\u2019une analyse exclusive r\u00e9alis\u00e9e par des syst\u00e8mes automatis\u00e9s,<\/span><\/p><p class=\"brz-tp-lg-paragraph brz-css-oBNR_\" data-generated-css=\"brz-css-w5KOa\" data-uniq-id=\"zjUG5\"><span class=\"brz-cp-color7\">Vous avez le droit de demander r\u00e9paration en cas de pr\u00e9judice caus\u00e9 par un traitement ill\u00e9gal de vos donn\u00e9es personnelles.<\/span><\/p><p class=\"brz-tp-lg-paragraph brz-css-kTxe7\" data-generated-css=\"brz-css-okSxk\" data-uniq-id=\"zAF_s\"><span class=\"brz-cp-color7\">Pour exercer les droits mentionn\u00e9s ci-dessus, vous pouvez nous contacter \u00e0 l\u2019adresse info@aliovayolu.com ou ovayolu.ali@gmail.com.<\/span><\/p><h2 class=\"brz-tp-lg-paragraph brz-css-uHd_H\" data-generated-css=\"brz-css-vdKwl\" data-uniq-id=\"wmp_z\"><span class=\"brz-cp-color7\">Contact<\/span><\/h2><p class=\"brz-tp-lg-paragraph brz-css-ijFkJ\" data-generated-css=\"brz-css-c6Zzp\" data-uniq-id=\"jyS4Q\"><span class=\"brz-cp-color7\">Afin de pouvoir r\u00e9aliser des analyses dans le but de vous fournir nos services, vous \u00eates enti\u00e8rement libre d\u2019accepter ou non le traitement de vos donn\u00e9es personnelles n\u00e9cessaires, conform\u00e9ment \u00e0 la pr\u00e9sente politique de confidentialit\u00e9 et de traitement des donn\u00e9es personnelles. Si vous continuez \u00e0 utiliser le site, cela sera consid\u00e9r\u00e9 comme une acceptation de votre part. Pour plus d\u2019informations, n\u2019h\u00e9sitez pas \u00e0 nous contacter par e-mail \u00e0 info@aliovayolu.com ou ovayolu.ali@gmail.com. <\/span><\/p>\t\t\t\t\t\t\t\t<\/div>\n\t\t\t\t<\/div>\n\t\t\t\t\t<\/div>\n\t\t\t\t<\/div>\n\t\t\t\t<\/div>\n\t\t","protected":false},"excerpt":{"rendered":"<p>La s\u00e9curit\u00e9 est importante pour nous. C\u2019est pourquoi vos donn\u00e9es personnelles que vous partagez avec nous sont prot\u00e9g\u00e9es avec la plus grande attention. En tant que responsable du traitement des donn\u00e9es, le Do\u00e7. Dr. Ali Ovayolu, \u00e0 travers cette politique de confidentialit\u00e9 et de protection des donn\u00e9es personnelles, vise \u00e0 vous informer sur quelles donn\u00e9es [&hellip;]<\/p>\n","protected":false},"author":1,"featured_media":0,"parent":0,"menu_order":0,"comment_status":"closed","ping_status":"closed","template":"","meta":{"_acf_changed":false,"footnotes":""},"class_list":["post-22082","page","type-page","status-publish","hentry"],"acf":[],"yoast_head":"<!-- This site is optimized with the Yoast SEO plugin v27.2 - https:\/\/yoast.com\/product\/yoast-seo-wordpress\/ -->\n<title>Politique de Confidentialit\u00e9 - Do\u00e7. Dr. Ali OVAYOLU<\/title>\n<meta name=\"robots\" content=\"index, follow, max-snippet:-1, max-image-preview:large, max-video-preview:-1\" \/>\n<link rel=\"canonical\" href=\"https:\/\/aliovayolu.com\/gizlilik-politikasi\/\" \/>\n<meta property=\"og:locale\" content=\"fr_FR\" \/>\n<meta property=\"og:type\" content=\"article\" \/>\n<meta property=\"og:title\" content=\"Politique de Confidentialit\u00e9 - Do\u00e7. Dr. Ali OVAYOLU\" \/>\n<meta property=\"og:description\" content=\"La s\u00e9curit\u00e9 est importante pour nous. C\u2019est pourquoi vos donn\u00e9es personnelles que vous partagez avec nous sont prot\u00e9g\u00e9es avec la plus grande attention. En tant que responsable du traitement des donn\u00e9es, le Do\u00e7. Dr. Ali Ovayolu, \u00e0 travers cette politique de confidentialit\u00e9 et de protection des donn\u00e9es personnelles, vise \u00e0 vous informer sur quelles donn\u00e9es [&hellip;]\" \/>\n<meta property=\"og:url\" content=\"https:\/\/aliovayolu.com\/gizlilik-politikasi\/\" \/>\n<meta property=\"og:site_name\" content=\"Do\u00e7. Dr. Ali OVAYOLU\" \/>\n<meta property=\"article:modified_time\" content=\"2025-06-19T12:52:34+00:00\" \/>\n<meta name=\"twitter:card\" content=\"summary_large_image\" \/>\n<meta name=\"twitter:label1\" content=\"Dur\u00e9e de lecture estim\u00e9e\" \/>\n\t<meta name=\"twitter:data1\" content=\"3 minutes\" \/>\n<script type=\"application\/ld+json\" class=\"yoast-schema-graph\">{\"@context\":\"https:\/\/schema.org\",\"@graph\":[{\"@type\":\"WebPage\",\"@id\":\"https:\/\/aliovayolu.com\/gizlilik-politikasi\/\",\"url\":\"https:\/\/aliovayolu.com\/gizlilik-politikasi\/\",\"name\":\"Politique de Confidentialit\u00e9 - Do\u00e7. Dr. Ali OVAYOLU\",\"isPartOf\":{\"@id\":\"https:\/\/aliovayolu.com\/fr\/#website\"},\"datePublished\":\"2025-04-16T20:50:40+00:00\",\"dateModified\":\"2025-06-19T12:52:34+00:00\",\"breadcrumb\":{\"@id\":\"https:\/\/aliovayolu.com\/gizlilik-politikasi\/#breadcrumb\"},\"inLanguage\":\"fr-FR\",\"potentialAction\":[{\"@type\":\"ReadAction\",\"target\":[\"https:\/\/aliovayolu.com\/gizlilik-politikasi\/\"]}]},{\"@type\":\"BreadcrumbList\",\"@id\":\"https:\/\/aliovayolu.com\/gizlilik-politikasi\/#breadcrumb\",\"itemListElement\":[{\"@type\":\"ListItem\",\"position\":1,\"name\":\"Home\",\"item\":\"https:\/\/aliovayolu.com\/fr\/\"},{\"@type\":\"ListItem\",\"position\":2,\"name\":\"Politique de Confidentialit\u00e9\"}]},{\"@type\":\"WebSite\",\"@id\":\"https:\/\/aliovayolu.com\/fr\/#website\",\"url\":\"https:\/\/aliovayolu.com\/fr\/\",\"name\":\"Do\u00e7. Dr. Ali OVAYOLU\",\"description\":\"\",\"potentialAction\":[{\"@type\":\"SearchAction\",\"target\":{\"@type\":\"EntryPoint\",\"urlTemplate\":\"https:\/\/aliovayolu.com\/fr\/?s={search_term_string}\"},\"query-input\":{\"@type\":\"PropertyValueSpecification\",\"valueRequired\":true,\"valueName\":\"search_term_string\"}}],\"inLanguage\":\"fr-FR\"}]}<\/script>\n<!-- \/ Yoast SEO plugin. -->","yoast_head_json":{"title":"Politique de Confidentialit\u00e9 - Do\u00e7. Dr. Ali OVAYOLU","robots":{"index":"index","follow":"follow","max-snippet":"max-snippet:-1","max-image-preview":"max-image-preview:large","max-video-preview":"max-video-preview:-1"},"canonical":"https:\/\/aliovayolu.com\/gizlilik-politikasi\/","og_locale":"fr_FR","og_type":"article","og_title":"Politique de Confidentialit\u00e9 - Do\u00e7. Dr. Ali OVAYOLU","og_description":"La s\u00e9curit\u00e9 est importante pour nous. C\u2019est pourquoi vos donn\u00e9es personnelles que vous partagez avec nous sont prot\u00e9g\u00e9es avec la plus grande attention. En tant que responsable du traitement des donn\u00e9es, le Do\u00e7. Dr. Ali Ovayolu, \u00e0 travers cette politique de confidentialit\u00e9 et de protection des donn\u00e9es personnelles, vise \u00e0 vous informer sur quelles donn\u00e9es [&hellip;]","og_url":"https:\/\/aliovayolu.com\/gizlilik-politikasi\/","og_site_name":"Do\u00e7. Dr. Ali OVAYOLU","article_modified_time":"2025-06-19T12:52:34+00:00","twitter_card":"summary_large_image","twitter_misc":{"Dur\u00e9e de lecture estim\u00e9e":"3 minutes"},"schema":{"@context":"https:\/\/schema.org","@graph":[{"@type":"WebPage","@id":"https:\/\/aliovayolu.com\/gizlilik-politikasi\/","url":"https:\/\/aliovayolu.com\/gizlilik-politikasi\/","name":"Politique de Confidentialit\u00e9 - Do\u00e7. Dr. Ali OVAYOLU","isPartOf":{"@id":"https:\/\/aliovayolu.com\/fr\/#website"},"datePublished":"2025-04-16T20:50:40+00:00","dateModified":"2025-06-19T12:52:34+00:00","breadcrumb":{"@id":"https:\/\/aliovayolu.com\/gizlilik-politikasi\/#breadcrumb"},"inLanguage":"fr-FR","potentialAction":[{"@type":"ReadAction","target":["https:\/\/aliovayolu.com\/gizlilik-politikasi\/"]}]},{"@type":"BreadcrumbList","@id":"https:\/\/aliovayolu.com\/gizlilik-politikasi\/#breadcrumb","itemListElement":[{"@type":"ListItem","position":1,"name":"Home","item":"https:\/\/aliovayolu.com\/fr\/"},{"@type":"ListItem","position":2,"name":"Politique de Confidentialit\u00e9"}]},{"@type":"WebSite","@id":"https:\/\/aliovayolu.com\/fr\/#website","url":"https:\/\/aliovayolu.com\/fr\/","name":"Do\u00e7. Dr. Ali OVAYOLU","description":"","potentialAction":[{"@type":"SearchAction","target":{"@type":"EntryPoint","urlTemplate":"https:\/\/aliovayolu.com\/fr\/?s={search_term_string}"},"query-input":{"@type":"PropertyValueSpecification","valueRequired":true,"valueName":"search_term_string"}}],"inLanguage":"fr-FR"}]}},"_links":{"self":[{"href":"https:\/\/aliovayolu.com\/fr\/wp-json\/wp\/v2\/pages\/22082","targetHints":{"allow":["GET"]}}],"collection":[{"href":"https:\/\/aliovayolu.com\/fr\/wp-json\/wp\/v2\/pages"}],"about":[{"href":"https:\/\/aliovayolu.com\/fr\/wp-json\/wp\/v2\/types\/page"}],"author":[{"embeddable":true,"href":"https:\/\/aliovayolu.com\/fr\/wp-json\/wp\/v2\/users\/1"}],"replies":[{"embeddable":true,"href":"https:\/\/aliovayolu.com\/fr\/wp-json\/wp\/v2\/comments?post=22082"}],"version-history":[{"count":1,"href":"https:\/\/aliovayolu.com\/fr\/wp-json\/wp\/v2\/pages\/22082\/revisions"}],"predecessor-version":[{"id":22083,"href":"https:\/\/aliovayolu.com\/fr\/wp-json\/wp\/v2\/pages\/22082\/revisions\/22083"}],"wp:attachment":[{"href":"https:\/\/aliovayolu.com\/fr\/wp-json\/wp\/v2\/media?parent=22082"}],"curies":[{"name":"wp","href":"https:\/\/api.w.org\/{rel}","templated":true}]}}